{"id":51,"date":"2026-03-18T18:44:02","date_gmt":"2026-03-18T18:44:02","guid":{"rendered":"https:\/\/test.deutsche-allkampf-union.de\/?page_id=51"},"modified":"2026-03-18T19:33:24","modified_gmt":"2026-03-18T19:33:24","slug":"anmeldung-einzelstarter","status":"publish","type":"page","link":"https:\/\/test.deutsche-allkampf-union.de\/?page_id=51","title":{"rendered":"Anmeldung Einzelstarter"},"content":{"rendered":"\n<div class=\"wpcf7 no-js\" id=\"wpcf7-f10-o1\" lang=\"de-DE\" dir=\"ltr\" data-wpcf7-id=\"10\">\n<div class=\"screen-reader-response\"><p role=\"status\" aria-live=\"polite\" aria-atomic=\"true\"><\/p> <ul><\/ul><\/div>\n<form action=\"\/index.php?rest_route=%2Fwp%2Fv2%2Fpages%2F51#wpcf7-f10-o1\" method=\"post\" class=\"wpcf7-form init\" aria-label=\"Kontaktformular\" novalidate=\"novalidate\" data-status=\"init\">\n<fieldset class=\"hidden-fields-container\"><input type=\"hidden\" name=\"_wpcf7\" value=\"10\" \/><input type=\"hidden\" name=\"_wpcf7_version\" value=\"6.1.5\" \/><input type=\"hidden\" name=\"_wpcf7_locale\" value=\"de_DE\" \/><input type=\"hidden\" name=\"_wpcf7_unit_tag\" value=\"wpcf7-f10-o1\" \/><input type=\"hidden\" name=\"_wpcf7_container_post\" value=\"0\" \/><input type=\"hidden\" name=\"_wpcf7_posted_data_hash\" value=\"\" \/><input type=\"hidden\" name=\"_wpcf7cf_hidden_group_fields\" value=\"[]\" \/><input type=\"hidden\" name=\"_wpcf7cf_hidden_groups\" value=\"[]\" \/><input type=\"hidden\" name=\"_wpcf7cf_visible_groups\" value=\"[]\" \/><input type=\"hidden\" name=\"_wpcf7cf_repeaters\" value=\"[]\" \/><input type=\"hidden\" name=\"_wpcf7cf_steps\" value=\"{}\" \/><input type=\"hidden\" name=\"_wpcf7cf_options\" value=\"{&quot;form_id&quot;:10,&quot;conditions&quot;:[{&quot;then_field&quot;:&quot;sonstiges_verein&quot;,&quot;and_rules&quot;:[{&quot;if_field&quot;:&quot;verein&quot;,&quot;operator&quot;:&quot;equals&quot;,&quot;if_value&quot;:&quot;Sonstiger&quot;}]},{&quot;then_field&quot;:&quot;gruppe-weissgurt&quot;,&quot;and_rules&quot;:[{&quot;if_field&quot;:&quot;guertelgrad&quot;,&quot;operator&quot;:&quot;equals&quot;,&quot;if_value&quot;:&quot;Gelb-Orange&quot;}]},{&quot;then_field&quot;:&quot;gruppe-weissgurt&quot;,&quot;and_rules&quot;:[{&quot;if_field&quot;:&quot;guertelgrad&quot;,&quot;operator&quot;:&quot;equals&quot;,&quot;if_value&quot;:&quot;Gelb&quot;}]},{&quot;then_field&quot;:&quot;gruppe-weissgurt&quot;,&quot;and_rules&quot;:[{&quot;if_field&quot;:&quot;guertelgrad&quot;,&quot;operator&quot;:&quot;equals&quot;,&quot;if_value&quot;:&quot;Orange&quot;}]},{&quot;then_field&quot;:&quot;gruppe-weissgurt&quot;,&quot;and_rules&quot;:[{&quot;if_field&quot;:&quot;guertelgrad&quot;,&quot;operator&quot;:&quot;equals&quot;,&quot;if_value&quot;:&quot;Orange-Gr\\u00fcn&quot;}]},{&quot;then_field&quot;:&quot;gruppe-fortgeschritten&quot;,&quot;and_rules&quot;:[{&quot;if_field&quot;:&quot;guertelgrad&quot;,&quot;operator&quot;:&quot;not equals&quot;,&quot;if_value&quot;:&quot;Gelb-Orange&quot;},{&quot;if_field&quot;:&quot;guertelgrad&quot;,&quot;operator&quot;:&quot;not equals&quot;,&quot;if_value&quot;:&quot;Orange-Gr\\u00fcn&quot;},{&quot;if_field&quot;:&quot;guertelgrad&quot;,&quot;operator&quot;:&quot;not equals&quot;,&quot;if_value&quot;:&quot;\\&quot;\\&quot;&quot;},{&quot;if_field&quot;:&quot;guertelgrad&quot;,&quot;operator&quot;:&quot;not equals&quot;,&quot;if_value&quot;:&quot;Gelb&quot;},{&quot;if_field&quot;:&quot;guertelgrad&quot;,&quot;operator&quot;:&quot;not equals&quot;,&quot;if_value&quot;:&quot;Orange&quot;}]}],&quot;settings&quot;:{&quot;animation&quot;:&quot;yes&quot;,&quot;animation_intime&quot;:200,&quot;animation_outtime&quot;:200,&quot;conditions_ui&quot;:&quot;normal&quot;,&quot;notice_dismissed&quot;:false}}\" \/>\n<\/fieldset>\n<p><label>Vorname<br \/>\n<span class=\"wpcf7-form-control-wrap\" data-name=\"vorname\"><input size=\"40\" maxlength=\"400\" class=\"wpcf7-form-control wpcf7-text wpcf7-validates-as-required\" autocomplete=\"given-name\" aria-required=\"true\" aria-invalid=\"false\" value=\"\" type=\"text\" name=\"vorname\" \/><\/span><br \/>\n<\/label>\n<\/p>\n<p><label>Nachname<br \/>\n<span class=\"wpcf7-form-control-wrap\" data-name=\"nachname\"><input size=\"40\" maxlength=\"400\" class=\"wpcf7-form-control wpcf7-text wpcf7-validates-as-required\" autocomplete=\"family-name\" aria-required=\"true\" aria-invalid=\"false\" value=\"\" type=\"text\" name=\"nachname\" \/><\/span><br \/>\n<\/label>\n<\/p>\n<p><label>Geschlecht<br \/>\n<span class=\"wpcf7-form-control-wrap\" data-name=\"geschlecht\"><select class=\"wpcf7-form-control wpcf7-select wpcf7-validates-as-required\" aria-required=\"true\" aria-invalid=\"false\" name=\"geschlecht\"><option value=\"m\u00e4nnlich\">m\u00e4nnlich<\/option><option value=\"weiblich\">weiblich<\/option><\/select><\/span><br \/>\n<\/label>\n<\/p>\n<p><label>F\u00fcr welche Meisterschaften m\u00f6chtest du dich anmelden?<\/label><br \/>\n<span class=\"wpcf7-form-control-wrap\" data-name=\"meisterschaften\"><span class=\"wpcf7-form-control wpcf7-checkbox wpcf7-validates-as-required\"><span class=\"wpcf7-list-item first\"><label><input type=\"checkbox\" name=\"meisterschaften[]\" value=\"Landkreismeisterschaft\" \/><span class=\"wpcf7-list-item-label\">Landkreismeisterschaft<\/span><\/label><\/span><span class=\"wpcf7-list-item last\"><label><input type=\"checkbox\" name=\"meisterschaften[]\" value=\"Bayerische Meisterschaft\" \/><span class=\"wpcf7-list-item-label\">Bayerische Meisterschaft<\/span><\/label><\/span><\/span><\/span>\n<\/p>\n<p><label>G\u00fcrtelfarbe<br \/>\n<span class=\"wpcf7-form-control-wrap\" data-name=\"guertelgrad\"><select class=\"wpcf7-form-control wpcf7-select wpcf7-validates-as-required\" aria-required=\"true\" aria-invalid=\"false\" name=\"guertelgrad\"><option value=\"Gelb\" selected=\"selected\">Gelb<\/option><option value=\"Gelb-Orange\">Gelb-Orange<\/option><option value=\"Orange\">Orange<\/option><option value=\"Orange-Gr\u00fcn\">Orange-Gr\u00fcn<\/option><option value=\"Gr\u00fcn\">Gr\u00fcn<\/option><option value=\"Gr\u00fcn-blau\">Gr\u00fcn-blau<\/option><option value=\"Blau\">Blau<\/option><option value=\"Blau-braun\">Blau-braun<\/option><option value=\"Braun\">Braun<\/option><option value=\"Braun-schwarz\">Braun-schwarz<\/option><option value=\"Schwarz\">Schwarz<\/option><\/select><\/span><br \/>\n<\/label>\n<\/p>\n<div data-id=\"gruppe-weissgurt\" data-orig_data_id=\"gruppe-weissgurt\"  class=\"\" data-class=\"wpcf7cf_group\">\n\t<p><label>W\u00e4hle deine Disziplin (Anf\u00e4nger):<\/label><br \/>\n<span class=\"wpcf7-form-control-wrap\" data-name=\"disziplin-weiss\"><span class=\"wpcf7-form-control wpcf7-checkbox wpcf7-validates-as-required\"><span class=\"wpcf7-list-item first last\"><input type=\"checkbox\" name=\"disziplin-weiss[]\" value=\"Selbstverteidigung\" \/><span class=\"wpcf7-list-item-label\">Selbstverteidigung<\/span><\/span><\/span><\/span>\n\t<\/p>\n<\/div>\n<div data-id=\"gruppe-fortgeschritten\" data-orig_data_id=\"gruppe-fortgeschritten\"  class=\"\" data-class=\"wpcf7cf_group\">\n\t<p><label>W\u00e4hle deine Disziplinen (Fortgeschrittene):<\/label><br \/>\n<span class=\"wpcf7-form-control-wrap\" data-name=\"disziplin-rest\"><span class=\"wpcf7-form-control wpcf7-checkbox wpcf7-validates-as-required\"><span class=\"wpcf7-list-item first\"><input type=\"checkbox\" name=\"disziplin-rest[]\" value=\"Selbstverteidigung\" \/><span class=\"wpcf7-list-item-label\">Selbstverteidigung<\/span><\/span><span class=\"wpcf7-list-item\"><input type=\"checkbox\" name=\"disziplin-rest[]\" value=\"Hyong\" \/><span class=\"wpcf7-list-item-label\">Hyong<\/span><\/span><span class=\"wpcf7-list-item last\"><input type=\"checkbox\" name=\"disziplin-rest[]\" value=\"Bruchtest\" \/><span class=\"wpcf7-list-item-label\">Bruchtest<\/span><\/span><\/span><\/span>\n\t<\/p>\n<\/div>\n<p><label>Geburtsdatum:<br \/>\n<span class=\"wpcf7-form-control-wrap\" data-name=\"birthdate\"><input class=\"wpcf7-form-control wpcf7-date wpcf7-validates-as-required wpcf7-validates-as-date\" aria-required=\"true\" aria-invalid=\"false\" placeholder=\"YYYY-MM-DD\" value=\"\" type=\"date\" name=\"birthdate\" \/><\/span><br \/>\n<\/label>\n<\/p>\n<p><label>Verein<br \/>\n<span class=\"wpcf7-form-control-wrap\" data-name=\"verein\"><select class=\"wpcf7-form-control wpcf7-select wpcf7-validates-as-required\" aria-required=\"true\" aria-invalid=\"false\" name=\"verein\"><option value=\"\">&#8211; Bitte ausw\u00e4hlen &#8211;<\/option><option value=\"Allkampfschule Kinzel \/ SV Agawang-Dinkelscherben e.V.\">Allkampfschule Kinzel \/ SV Agawang-Dinkelscherben e.V.<\/option><option value=\"Taekwon-Do Team Velden \/ M\u00fchldorf\">Taekwon-Do Team Velden \/ M\u00fchldorf<\/option><option value=\"Allkampf Schule Attenhofen\">Allkampf Schule Attenhofen<\/option><option value=\"Allkampf &amp; Taekwondo Schule SV Untermeitingen\">Allkampf &amp; Taekwondo Schule SV Untermeitingen<\/option><option value=\"Allkampf Schule Rosenheim\">Allkampf Schule Rosenheim<\/option><option value=\"SV Langenbach \u2013 Taekwondo\">SV Langenbach \u2013 Taekwondo<\/option><option value=\"Taekwond-Do und Allkampf-Jitsu Center Hausham\">Taekwond-Do und Allkampf-Jitsu Center Hausham<\/option><option value=\"ASV Bellenberg e.V.\">ASV Bellenberg e.V.<\/option><option value=\"TV Lauingen, Abt. Taekwondo\">TV Lauingen, Abt. Taekwondo<\/option><option value=\"Bosch Taekwon-Do Stuttgart\">Bosch Taekwon-Do Stuttgart<\/option><option value=\"TSV 1889 Buch e.V. \u2013 Abteilung Kampfsport\">TSV 1889 Buch e.V. \u2013 Abteilung Kampfsport<\/option><option value=\"TSV Dietenheim\">TSV Dietenheim<\/option><option value=\"Taekwon-Do Team FC Hohenpolding\">Taekwon-Do Team FC Hohenpolding<\/option><option value=\"Allkampf u. Taekwondo Schule Bad Kissingen\">Allkampf u. Taekwondo Schule Bad Kissingen<\/option><option value=\"Allkampf-Center Debring\">Allkampf-Center Debring<\/option><option value=\"Allkampf-Jitsu Schule Rettenbach\">Allkampf-Jitsu Schule Rettenbach<\/option><option value=\"Budo-SC-Huglfing\">Budo-SC-Huglfing<\/option><option value=\"FKT Ulm Abteilung Taekwondo\">FKT Ulm Abteilung Taekwondo<\/option><option value=\"Kampfkunst Center Th\u00fcringen\">Kampfkunst Center Th\u00fcringen<\/option><option value=\"Kampfsport Center Wornsm\u00fchl\">Kampfsport Center Wornsm\u00fchl<\/option><option value=\"Kampfsport Weissenhorn\">Kampfsport Weissenhorn<\/option><option value=\"Oh-Do-Kwan-Miesbach\">Oh-Do-Kwan-Miesbach<\/option><option value=\"Taekwon-Do SAM CHAE\">Taekwon-Do SAM CHAE<\/option><option value=\"Taekwon-Do-Team Waldkraiburg\">Taekwon-Do-Team Waldkraiburg<\/option><option value=\"Taekwondo &amp; Allkampf Schule Pfronten\/Reutte\">Taekwondo &amp; Allkampf Schule Pfronten\/Reutte<\/option><option value=\"AKJ Br\u00fcnn\">AKJ Br\u00fcnn<\/option><option value=\"AKJ Jarom\u011b\u0159\">AKJ Jarom\u011b\u0159<\/option><option value=\"AKJ PANTHERS DDM Milevsko\">AKJ PANTHERS DDM Milevsko<\/option><option value=\"AKJ PANTHERS SOKOL P\u00edsek\">AKJ PANTHERS SOKOL P\u00edsek<\/option><option value=\"CSAKJ Tschechischer Allkampf-Jitsu Verband\">CSAKJ Tschechischer Allkampf-Jitsu Verband<\/option><option value=\"Haciman Star\u00e1 Boleslav\">Haciman Star\u00e1 Boleslav<\/option><option value=\"Kampfkunstschule Most\">Kampfkunstschule Most<\/option><option value=\"Kobra Ryu Strakonice\">Kobra Ryu Strakonice<\/option><option value=\"Samurai Fight Club\">Samurai Fight Club<\/option><option value=\"\u0160BU AKJ Plze\u0148\">\u0160BU AKJ Plze\u0148<\/option><option value=\"SK Samurai Doma\u017elice\">SK Samurai Doma\u017elice<\/option><option value=\"Tiger Fight Club, z.s., Chomutov\">Tiger Fight Club, z.s., Chomutov<\/option><option value=\"Sonstiger\">Sonstiger<\/option><\/select><\/span><br \/>\n<\/label>\n<\/p>\n<div data-id=\"sonstiges_verein\" data-orig_data_id=\"sonstiges_verein\"  class=\"\" data-class=\"wpcf7cf_group\">\n\t<p><label>Bitte gib deinen anderen Verein an<br \/>\n<span class=\"wpcf7-form-control-wrap\" data-name=\"verein_sonstiges\"><input size=\"40\" maxlength=\"400\" class=\"wpcf7-form-control wpcf7-text\" aria-invalid=\"false\" value=\"\" type=\"text\" name=\"verein_sonstiges\" \/><\/span> <\/label>\n\t<\/p>\n<\/div>\n<p><label>Deine E-Mail-Adresse<br \/>\n<span class=\"wpcf7-form-control-wrap\" data-name=\"your-email\"><input size=\"40\" maxlength=\"400\" class=\"wpcf7-form-control wpcf7-email wpcf7-text wpcf7-validates-as-email\" autocomplete=\"email\" aria-invalid=\"false\" value=\"\" type=\"email\" name=\"your-email\" \/><\/span><br \/>\n<\/label>\n<\/p>\n<p><label>Deine Nachricht (optional)<br \/>\n<span class=\"wpcf7-form-control-wrap\" data-name=\"your-message\"><textarea cols=\"40\" rows=\"10\" maxlength=\"2000\" class=\"wpcf7-form-control wpcf7-textarea\" aria-invalid=\"false\" name=\"your-message\"><\/textarea><\/span><br \/>\n<\/label>\n<\/p>\n<p class=\"datenschutz-hinweis\"><br \/>\nDie \u00fcber dieses Formular \u00fcbermittelten Daten werden ausschlie\u00dflich zur Bearbeitung der Anmeldung verwendet.\n<\/p>\n<p><input class=\"wpcf7-form-control wpcf7-submit has-spinner\" type=\"submit\" value=\"Senden\" \/>\n<\/p><div class=\"wpcf7-response-output\" aria-hidden=\"true\"><\/div>\n<\/form>\n<\/div>\n\n","protected":false},"excerpt":{"rendered":"","protected":false},"author":2,"featured_media":0,"parent":59,"menu_order":0,"comment_status":"closed","ping_status":"closed","template":"","meta":{"footnotes":""},"class_list":["post-51","page","type-page","status-publish","hentry"],"_links":{"self":[{"href":"https:\/\/test.deutsche-allkampf-union.de\/index.php?rest_route=\/wp\/v2\/pages\/51","targetHints":{"allow":["GET"]}}],"collection":[{"href":"https:\/\/test.deutsche-allkampf-union.de\/index.php?rest_route=\/wp\/v2\/pages"}],"about":[{"href":"https:\/\/test.deutsche-allkampf-union.de\/index.php?rest_route=\/wp\/v2\/types\/page"}],"author":[{"embeddable":true,"href":"https:\/\/test.deutsche-allkampf-union.de\/index.php?rest_route=\/wp\/v2\/users\/2"}],"replies":[{"embeddable":true,"href":"https:\/\/test.deutsche-allkampf-union.de\/index.php?rest_route=%2Fwp%2Fv2%2Fcomments&post=51"}],"version-history":[{"count":1,"href":"https:\/\/test.deutsche-allkampf-union.de\/index.php?rest_route=\/wp\/v2\/pages\/51\/revisions"}],"predecessor-version":[{"id":52,"href":"https:\/\/test.deutsche-allkampf-union.de\/index.php?rest_route=\/wp\/v2\/pages\/51\/revisions\/52"}],"up":[{"embeddable":true,"href":"https:\/\/test.deutsche-allkampf-union.de\/index.php?rest_route=\/wp\/v2\/pages\/59"}],"wp:attachment":[{"href":"https:\/\/test.deutsche-allkampf-union.de\/index.php?rest_route=%2Fwp%2Fv2%2Fmedia&parent=51"}],"curies":[{"name":"wp","href":"https:\/\/api.w.org\/{rel}","templated":true}]}}